{"id":7,"date":"2024-05-22T14:07:13","date_gmt":"2024-05-22T12:07:13","guid":{"rendered":"https:\/\/houseofleaders.fr\/?page_id=7"},"modified":"2024-06-11T16:41:39","modified_gmt":"2024-06-11T14:41:39","slug":"a-propos","status":"publish","type":"page","link":"https:\/\/houseofleaders.fr\/index.php\/a-propos\/","title":{"rendered":"\u00c0 propos"},"content":{"rendered":"\t\t<div data-elementor-type=\"wp-page\" data-elementor-id=\"7\" class=\"elementor elementor-7\">\n\t\t\t\t<div class=\"elementor-element elementor-element-3ce1eb3 e-flex e-con-boxed e-con e-parent\" data-id=\"3ce1eb3\" data-element_type=\"container\">\n\t\t\t\t\t<div class=\"e-con-inner\">\n\t\t\t\t<div class=\"elementor-element elementor-element-ec68446 elementor-widget elementor-widget-heading\" data-id=\"ec68446\" data-element_type=\"widget\" data-widget_type=\"heading.default\">\n\t\t\t\t<div class=\"elementor-widget-container\">\n\t\t\t\t\t<h1 class=\"elementor-heading-title elementor-size-default\">Qui sommes nous<\/h1>\t\t\t\t<\/div>\n\t\t\t\t<\/div>\n\t\t\t\t<div class=\"elementor-element elementor-element-da02309 elementor-widget elementor-widget-spacer\" data-id=\"da02309\" data-element_type=\"widget\" data-widget_type=\"spacer.default\">\n\t\t\t\t<div class=\"elementor-widget-container\">\n\t\t\t\t\t\t\t<div class=\"elementor-spacer\">\n\t\t\t<div class=\"elementor-spacer-inner\"><\/div>\n\t\t<\/div>\n\t\t\t\t\t\t<\/div>\n\t\t\t\t<\/div>\n\t\t\t\t<div class=\"elementor-element elementor-element-1666466 elementor-invisible elementor-widget elementor-widget-text-editor\" data-id=\"1666466\" data-element_type=\"widget\" data-settings=\"{&quot;_animation&quot;:&quot;fadeInUp&quot;}\" data-widget_type=\"text-editor.default\">\n\t\t\t\t<div class=\"elementor-widget-container\">\n\t\t\t\t\t\t\t\t\t<p>Bienvenue chez House of Leaders ! Nous sommes une organisation d\u00e9di\u00e9e \u00e0 l&rsquo;\u00e9panouissement du leadership et \u00e0 l&rsquo;innovation dans le monde des affaires. Notre mission est de transformer des id\u00e9es en actions et de former les leaders de demain. Depuis notre cr\u00e9ation, nous nous engageons \u00e0 offrir des ressources, des formations et des opportunit\u00e9s uniques pour aider les leaders actuels et futurs \u00e0 atteindre leur plein potentiel.<\/p>\t\t\t\t\t\t\t\t<\/div>\n\t\t\t\t<\/div>\n\t\t\t\t<div class=\"elementor-element elementor-element-13bccc4 elementor-widget elementor-widget-spacer\" data-id=\"13bccc4\" data-element_type=\"widget\" data-widget_type=\"spacer.default\">\n\t\t\t\t<div class=\"elementor-widget-container\">\n\t\t\t\t\t\t\t<div class=\"elementor-spacer\">\n\t\t\t<div class=\"elementor-spacer-inner\"><\/div>\n\t\t<\/div>\n\t\t\t\t\t\t<\/div>\n\t\t\t\t<\/div>\n\t\t\t\t\t<\/div>\n\t\t\t\t<\/div>\n\t\t<div class=\"elementor-element elementor-element-26df53e e-flex e-con-boxed elementor-invisible e-con e-parent\" data-id=\"26df53e\" data-element_type=\"container\" data-settings=\"{&quot;animation&quot;:&quot;fadeInUp&quot;,&quot;background_background&quot;:&quot;gradient&quot;}\">\n\t\t\t\t\t<div class=\"e-con-inner\">\n\t\t<div class=\"elementor-element elementor-element-aab9b4d e-con-full e-flex e-con e-child\" data-id=\"aab9b4d\" data-element_type=\"container\">\n\t\t\t\t<div class=\"elementor-element elementor-element-e477a4c elementor-widget elementor-widget-image\" data-id=\"e477a4c\" data-element_type=\"widget\" data-widget_type=\"image.default\">\n\t\t\t\t<div class=\"elementor-widget-container\">\n\t\t\t\t\t\t\t\t\t\t\t\t\t\t\t<img fetchpriority=\"high\" decoding=\"async\" width=\"600\" height=\"600\" src=\"https:\/\/houseofleaders.fr\/wp-content\/uploads\/2020\/01\/neve-web-design-bg-09.jpg\" class=\"attachment-large size-large wp-image-36\" alt=\"\" srcset=\"https:\/\/houseofleaders.fr\/wp-content\/uploads\/2020\/01\/neve-web-design-bg-09.jpg 600w, https:\/\/houseofleaders.fr\/wp-content\/uploads\/2020\/01\/neve-web-design-bg-09-300x300.jpg 300w, https:\/\/houseofleaders.fr\/wp-content\/uploads\/2020\/01\/neve-web-design-bg-09-150x150.jpg 150w\" sizes=\"(max-width: 600px) 100vw, 600px\" \/>\t\t\t\t\t\t\t\t\t\t\t\t\t\t\t<\/div>\n\t\t\t\t<\/div>\n\t\t\t\t<\/div>\n\t\t<div class=\"elementor-element elementor-element-4a22838 e-con-full e-flex e-con e-child\" data-id=\"4a22838\" data-element_type=\"container\">\n\t\t\t\t<div class=\"elementor-element elementor-element-5e5cc24 elementor-widget elementor-widget-heading\" data-id=\"5e5cc24\" data-element_type=\"widget\" data-widget_type=\"heading.default\">\n\t\t\t\t<div class=\"elementor-widget-container\">\n\t\t\t\t\t<h2 class=\"elementor-heading-title elementor-size-default\">Notre mission<\/h2>\t\t\t\t<\/div>\n\t\t\t\t<\/div>\n\t\t\t\t<div class=\"elementor-element elementor-element-753f463 elementor-widget elementor-widget-text-editor\" data-id=\"753f463\" data-element_type=\"widget\" data-widget_type=\"text-editor.default\">\n\t\t\t\t<div class=\"elementor-widget-container\">\n\t\t\t\t\t\t\t\t\t<p>Chez House of Leaders, notre mission est de d\u00e9velopper des leaders efficaces capables d&rsquo;inspirer, de motiver et de guider leurs \u00e9quipes vers le succ\u00e8s.<\/p>\n<p><!-- \/wp:paragraph --><!-- wp:paragraph --><\/p>\n<p>Nous nous engageons \u00e0 fournir des outils et des connaissances pour permettre aux leaders de s&rsquo;\u00e9panouir et d&rsquo;avoir un impact positif dans leurs organisations et au-del\u00e0.<\/p>\t\t\t\t\t\t\t\t<\/div>\n\t\t\t\t<\/div>\n\t\t\t\t<\/div>\n\t\t\t\t\t<\/div>\n\t\t\t\t<\/div>\n\t\t<div class=\"elementor-element elementor-element-0f9b7f6 e-flex e-con-boxed elementor-invisible e-con e-parent\" data-id=\"0f9b7f6\" data-element_type=\"container\" data-settings=\"{&quot;animation&quot;:&quot;fadeInUp&quot;}\">\n\t\t\t\t\t<div class=\"e-con-inner\">\n\t\t\t\t<div class=\"elementor-element elementor-element-d9226f0 elementor-widget elementor-widget-spacer\" data-id=\"d9226f0\" data-element_type=\"widget\" data-widget_type=\"spacer.default\">\n\t\t\t\t<div class=\"elementor-widget-container\">\n\t\t\t\t\t\t\t<div class=\"elementor-spacer\">\n\t\t\t<div class=\"elementor-spacer-inner\"><\/div>\n\t\t<\/div>\n\t\t\t\t\t\t<\/div>\n\t\t\t\t<\/div>\n\t\t\t\t\t<\/div>\n\t\t\t\t<\/div>\n\t\t<div class=\"elementor-element elementor-element-751a2a9 e-flex e-con-boxed elementor-invisible e-con e-parent\" data-id=\"751a2a9\" data-element_type=\"container\" data-settings=\"{&quot;animation&quot;:&quot;fadeInUp&quot;}\">\n\t\t\t\t\t<div class=\"e-con-inner\">\n\t\t\t\t<div class=\"elementor-element elementor-element-81421b6 elementor-widget elementor-widget-spacer\" data-id=\"81421b6\" data-element_type=\"widget\" data-widget_type=\"spacer.default\">\n\t\t\t\t<div class=\"elementor-widget-container\">\n\t\t\t\t\t\t\t<div class=\"elementor-spacer\">\n\t\t\t<div class=\"elementor-spacer-inner\"><\/div>\n\t\t<\/div>\n\t\t\t\t\t\t<\/div>\n\t\t\t\t<\/div>\n\t\t\t\t\t<\/div>\n\t\t\t\t<\/div>\n\t\t<div class=\"elementor-element elementor-element-59f681a e-flex e-con-boxed elementor-invisible e-con e-parent\" data-id=\"59f681a\" data-element_type=\"container\" data-settings=\"{&quot;background_background&quot;:&quot;gradient&quot;,&quot;animation&quot;:&quot;fadeInUp&quot;}\">\n\t\t\t\t\t<div class=\"e-con-inner\">\n\t\t<div class=\"elementor-element elementor-element-9eeb9cb e-con-full e-flex e-con e-child\" data-id=\"9eeb9cb\" data-element_type=\"container\">\n\t\t\t\t<div class=\"elementor-element elementor-element-be35541 elementor-view-default elementor-widget elementor-widget-icon\" data-id=\"be35541\" data-element_type=\"widget\" data-widget_type=\"icon.default\">\n\t\t\t\t<div class=\"elementor-widget-container\">\n\t\t\t\t\t\t\t<div class=\"elementor-icon-wrapper\">\n\t\t\t<div class=\"elementor-icon\">\n\t\t\t<svg aria-hidden=\"true\" class=\"e-font-icon-svg e-fas-check\" viewBox=\"0 0 512 512\" xmlns=\"http:\/\/www.w3.org\/2000\/svg\"><path d=\"M173.898 439.404l-166.4-166.4c-9.997-9.997-9.997-26.206 0-36.204l36.203-36.204c9.997-9.998 26.207-9.998 36.204 0L192 312.69 432.095 72.596c9.997-9.997 26.207-9.997 36.204 0l36.203 36.204c9.997 9.997 9.997 26.206 0 36.204l-294.4 294.401c-9.998 9.997-26.207 9.997-36.204-.001z\"><\/path><\/svg>\t\t\t<\/div>\n\t\t<\/div>\n\t\t\t\t\t\t<\/div>\n\t\t\t\t<\/div>\n\t\t\t\t<div class=\"elementor-element elementor-element-d7d0f39 elementor-widget elementor-widget-heading\" data-id=\"d7d0f39\" data-element_type=\"widget\" data-widget_type=\"heading.default\">\n\t\t\t\t<div class=\"elementor-widget-container\">\n\t\t\t\t\t<h3 class=\"elementor-heading-title elementor-size-default\">Int\u00e9grit\u00e9<\/h3>\t\t\t\t<\/div>\n\t\t\t\t<\/div>\n\t\t\t\t<div class=\"elementor-element elementor-element-24df681 elementor-widget elementor-widget-text-editor\" data-id=\"24df681\" data-element_type=\"widget\" data-widget_type=\"text-editor.default\">\n\t\t\t\t<div class=\"elementor-widget-container\">\n\t\t\t\t\t\t\t\t\t<p>Nous croyons en l\u2019importance de l\u2019honn\u00eatet\u00e9 et de la transparence dans toutes nos actions. L\u2019int\u00e9grit\u00e9 est au c\u0153ur de notre philosophie et guide toutes nos d\u00e9cisions.<\/p>\t\t\t\t\t\t\t\t<\/div>\n\t\t\t\t<\/div>\n\t\t\t\t<\/div>\n\t\t<div class=\"elementor-element elementor-element-d83ebc3 e-con-full e-flex e-con e-child\" data-id=\"d83ebc3\" data-element_type=\"container\">\n\t\t\t\t<div class=\"elementor-element elementor-element-6cc34c0 elementor-view-default elementor-widget elementor-widget-icon\" data-id=\"6cc34c0\" data-element_type=\"widget\" data-widget_type=\"icon.default\">\n\t\t\t\t<div class=\"elementor-widget-container\">\n\t\t\t\t\t\t\t<div class=\"elementor-icon-wrapper\">\n\t\t\t<div class=\"elementor-icon\">\n\t\t\t<svg aria-hidden=\"true\" class=\"e-font-icon-svg e-fas-check\" viewBox=\"0 0 512 512\" xmlns=\"http:\/\/www.w3.org\/2000\/svg\"><path d=\"M173.898 439.404l-166.4-166.4c-9.997-9.997-9.997-26.206 0-36.204l36.203-36.204c9.997-9.998 26.207-9.998 36.204 0L192 312.69 432.095 72.596c9.997-9.997 26.207-9.997 36.204 0l36.203 36.204c9.997 9.997 9.997 26.206 0 36.204l-294.4 294.401c-9.998 9.997-26.207 9.997-36.204-.001z\"><\/path><\/svg>\t\t\t<\/div>\n\t\t<\/div>\n\t\t\t\t\t\t<\/div>\n\t\t\t\t<\/div>\n\t\t\t\t<div class=\"elementor-element elementor-element-51dcc51 elementor-widget elementor-widget-heading\" data-id=\"51dcc51\" data-element_type=\"widget\" data-widget_type=\"heading.default\">\n\t\t\t\t<div class=\"elementor-widget-container\">\n\t\t\t\t\t<h3 class=\"elementor-heading-title elementor-size-default\">Innovation<\/h3>\t\t\t\t<\/div>\n\t\t\t\t<\/div>\n\t\t\t\t<div class=\"elementor-element elementor-element-0509055 elementor-widget elementor-widget-text-editor\" data-id=\"0509055\" data-element_type=\"widget\" data-widget_type=\"text-editor.default\">\n\t\t\t\t<div class=\"elementor-widget-container\">\n\t\t\t\t\t\t\t\t\t<p>Nous encourageons la cr\u00e9ativit\u00e9 et l\u2019innovation pour trouver des solutions aux d\u00e9fis actuels. Nous sommes convaincus que l\u2019innovation est essentielle pour le progr\u00e8s et le succ\u00e8s \u00e0 long terme.<\/p>\t\t\t\t\t\t\t\t<\/div>\n\t\t\t\t<\/div>\n\t\t\t\t<\/div>\n\t\t<div class=\"elementor-element elementor-element-be7789f e-con-full e-flex e-con e-child\" data-id=\"be7789f\" data-element_type=\"container\">\n\t\t\t\t<div class=\"elementor-element elementor-element-0a07621 elementor-view-default elementor-widget elementor-widget-icon\" data-id=\"0a07621\" data-element_type=\"widget\" data-widget_type=\"icon.default\">\n\t\t\t\t<div class=\"elementor-widget-container\">\n\t\t\t\t\t\t\t<div class=\"elementor-icon-wrapper\">\n\t\t\t<div class=\"elementor-icon\">\n\t\t\t<svg aria-hidden=\"true\" class=\"e-font-icon-svg e-fas-check\" viewBox=\"0 0 512 512\" xmlns=\"http:\/\/www.w3.org\/2000\/svg\"><path d=\"M173.898 439.404l-166.4-166.4c-9.997-9.997-9.997-26.206 0-36.204l36.203-36.204c9.997-9.998 26.207-9.998 36.204 0L192 312.69 432.095 72.596c9.997-9.997 26.207-9.997 36.204 0l36.203 36.204c9.997 9.997 9.997 26.206 0 36.204l-294.4 294.401c-9.998 9.997-26.207 9.997-36.204-.001z\"><\/path><\/svg>\t\t\t<\/div>\n\t\t<\/div>\n\t\t\t\t\t\t<\/div>\n\t\t\t\t<\/div>\n\t\t\t\t<div class=\"elementor-element elementor-element-17d3f8a elementor-widget elementor-widget-heading\" data-id=\"17d3f8a\" data-element_type=\"widget\" data-widget_type=\"heading.default\">\n\t\t\t\t<div class=\"elementor-widget-container\">\n\t\t\t\t\t<h3 class=\"elementor-heading-title elementor-size-default\">Leadership<\/h3>\t\t\t\t<\/div>\n\t\t\t\t<\/div>\n\t\t\t\t<div class=\"elementor-element elementor-element-3d2dedf elementor-widget elementor-widget-text-editor\" data-id=\"3d2dedf\" data-element_type=\"widget\" data-widget_type=\"text-editor.default\">\n\t\t\t\t<div class=\"elementor-widget-container\">\n\t\t\t\t\t\t\t\t\t<p>Nous nous effor\u00e7ons de d\u00e9velopper des leaders qui peuvent faire une diff\u00e9rence significative. Nous valorisons le leadership sous toutes ses formes et nous nous engageons \u00e0 soutenir ceux qui aspirent \u00e0 inspirer et \u00e0 guider les autres.<\/p>\t\t\t\t\t\t\t\t<\/div>\n\t\t\t\t<\/div>\n\t\t\t\t<\/div>\n\t\t\t\t\t<\/div>\n\t\t\t\t<\/div>\n\t\t<div class=\"elementor-element elementor-element-8e4e3f9 e-flex e-con-boxed e-con e-parent\" data-id=\"8e4e3f9\" data-element_type=\"container\">\n\t\t\t\t\t<div class=\"e-con-inner\">\n\t\t\t\t<div class=\"elementor-element elementor-element-3edf8c7 elementor-widget elementor-widget-spacer\" data-id=\"3edf8c7\" data-element_type=\"widget\" data-widget_type=\"spacer.default\">\n\t\t\t\t<div class=\"elementor-widget-container\">\n\t\t\t\t\t\t\t<div class=\"elementor-spacer\">\n\t\t\t<div class=\"elementor-spacer-inner\"><\/div>\n\t\t<\/div>\n\t\t\t\t\t\t<\/div>\n\t\t\t\t<\/div>\n\t\t\t\t\t<\/div>\n\t\t\t\t<\/div>\n\t\t<div class=\"elementor-element elementor-element-c99b1bd e-flex e-con-boxed elementor-invisible e-con e-parent\" data-id=\"c99b1bd\" data-element_type=\"container\" data-settings=\"{&quot;animation&quot;:&quot;fadeInUp&quot;}\">\n\t\t\t\t\t<div class=\"e-con-inner\">\n\t\t<div class=\"elementor-element elementor-element-891bf88 e-con-full e-flex e-con e-child\" data-id=\"891bf88\" data-element_type=\"container\">\n\t\t\t\t<div class=\"elementor-element elementor-element-1464487 elementor-widget elementor-widget-heading\" data-id=\"1464487\" data-element_type=\"widget\" data-widget_type=\"heading.default\">\n\t\t\t\t<div class=\"elementor-widget-container\">\n\t\t\t\t\t<h2 class=\"elementor-heading-title elementor-size-default\">Notre mission<\/h2>\t\t\t\t<\/div>\n\t\t\t\t<\/div>\n\t\t\t\t<div class=\"elementor-element elementor-element-8971d93 elementor-widget elementor-widget-text-editor\" data-id=\"8971d93\" data-element_type=\"widget\" data-widget_type=\"text-editor.default\">\n\t\t\t\t<div class=\"elementor-widget-container\">\n\t\t\t\t\t\t\t\t\t<p><span style=\"font-weight: 400;\">Notre vision est de cr\u00e9er un monde o\u00f9 chaque leader est \u00e9quip\u00e9 pour relever les d\u00e9fis de demain, inspirer les autres et avoir un impact significatif sur la soci\u00e9t\u00e9.<\/span><\/p>\n<p><span style=\"font-weight: 400;\">Nous croyons en un leadership bas\u00e9 sur l&rsquo;int\u00e9grit\u00e9, l&rsquo;innovation et la collaboration, et nous aspirons \u00e0 \u00eatre la r\u00e9f\u00e9rence mondiale en mati\u00e8re de formation et de d\u00e9veloppement du leadership.<\/span><\/p>\t\t\t\t\t\t\t\t<\/div>\n\t\t\t\t<\/div>\n\t\t\t\t<\/div>\n\t\t<div class=\"elementor-element elementor-element-05418d4 e-con-full e-flex e-con e-child\" data-id=\"05418d4\" data-element_type=\"container\">\n\t\t\t\t<div class=\"elementor-element elementor-element-2c14c8d elementor-widget elementor-widget-image\" data-id=\"2c14c8d\" data-element_type=\"widget\" data-widget_type=\"image.default\">\n\t\t\t\t<div class=\"elementor-widget-container\">\n\t\t\t\t\t\t\t\t\t\t\t\t\t\t\t<img decoding=\"async\" width=\"600\" height=\"600\" src=\"https:\/\/houseofleaders.fr\/wp-content\/uploads\/2020\/01\/neve-web-design-bg-12.jpg\" class=\"attachment-large size-large wp-image-39\" alt=\"\" srcset=\"https:\/\/houseofleaders.fr\/wp-content\/uploads\/2020\/01\/neve-web-design-bg-12.jpg 600w, https:\/\/houseofleaders.fr\/wp-content\/uploads\/2020\/01\/neve-web-design-bg-12-300x300.jpg 300w, https:\/\/houseofleaders.fr\/wp-content\/uploads\/2020\/01\/neve-web-design-bg-12-150x150.jpg 150w\" sizes=\"(max-width: 600px) 100vw, 600px\" \/>\t\t\t\t\t\t\t\t\t\t\t\t\t\t\t<\/div>\n\t\t\t\t<\/div>\n\t\t\t\t<\/div>\n\t\t\t\t\t<\/div>\n\t\t\t\t<\/div>\n\t\t\t\t<\/div>\n\t\t","protected":false},"excerpt":{"rendered":"<p>Qui sommes nous Bienvenue chez House of Leaders ! Nous sommes une organisation d\u00e9di\u00e9e \u00e0 l&rsquo;\u00e9panouissement du leadership et \u00e0 l&rsquo;innovation dans le monde des affaires. Notre mission est de transformer des id\u00e9es en actions et de former les leaders de demain. Depuis notre cr\u00e9ation, nous nous engageons \u00e0 offrir des ressources, des formations et&hellip;&nbsp;<a href=\"https:\/\/houseofleaders.fr\/index.php\/a-propos\/\" rel=\"bookmark\">Lire la suite &raquo;<span class=\"screen-reader-text\">\u00c0 propos<\/span><\/a><\/p>\n","protected":false},"author":1,"featured_media":0,"parent":0,"menu_order":0,"comment_status":"closed","ping_status":"closed","template":"elementor_header_footer","meta":{"neve_meta_sidebar":"","neve_meta_container":"","neve_meta_enable_content_width":"on","neve_meta_content_width":100,"neve_meta_title_alignment":"","neve_meta_author_avatar":"","neve_post_elements_order":"","neve_meta_disable_header":"","neve_meta_disable_footer":"","neve_meta_disable_title":"on","_themeisle_gutenberg_block_has_review":false,"footnotes":""},"class_list":["post-7","page","type-page","status-publish","hentry"],"yoast_head":"<!-- This site is optimized with the Yoast SEO plugin v25.1 - https:\/\/yoast.com\/wordpress\/plugins\/seo\/ -->\n<title>\u00c0 propos - House of Leaders<\/title>\n<meta name=\"robots\" content=\"index, follow, max-snippet:-1, max-image-preview:large, max-video-preview:-1\" \/>\n<link rel=\"canonical\" href=\"https:\/\/houseofleaders.fr\/index.php\/a-propos\/\" \/>\n<meta property=\"og:locale\" content=\"fr_FR\" \/>\n<meta property=\"og:type\" content=\"article\" \/>\n<meta property=\"og:title\" content=\"\u00c0 propos - House of Leaders\" \/>\n<meta property=\"og:description\" content=\"Qui sommes nous Bienvenue chez House of Leaders ! Nous sommes une organisation d\u00e9di\u00e9e \u00e0 l&rsquo;\u00e9panouissement du leadership et \u00e0 l&rsquo;innovation dans le monde des affaires. Notre mission est de transformer des id\u00e9es en actions et de former les leaders de demain. Depuis notre cr\u00e9ation, nous nous engageons \u00e0 offrir des ressources, des formations et&hellip;&nbsp;Lire la suite &raquo;\u00c0 propos\" \/>\n<meta property=\"og:url\" content=\"https:\/\/houseofleaders.fr\/index.php\/a-propos\/\" \/>\n<meta property=\"og:site_name\" content=\"House of Leaders\" \/>\n<meta property=\"article:modified_time\" content=\"2024-06-11T14:41:39+00:00\" \/>\n<meta property=\"og:image\" content=\"http:\/\/houseofleaders.fr\/wp-content\/uploads\/2020\/01\/neve-web-design-bg-09.jpg\" \/>\n<meta name=\"twitter:card\" content=\"summary_large_image\" \/>\n<meta name=\"twitter:label1\" content=\"Dur\u00e9e de lecture estim\u00e9e\" \/>\n\t<meta name=\"twitter:data1\" content=\"2 minutes\" \/>\n<script type=\"application\/ld+json\" class=\"yoast-schema-graph\">{\"@context\":\"https:\/\/schema.org\",\"@graph\":[{\"@type\":\"WebPage\",\"@id\":\"https:\/\/houseofleaders.fr\/index.php\/a-propos\/\",\"url\":\"https:\/\/houseofleaders.fr\/index.php\/a-propos\/\",\"name\":\"\u00c0 propos - House of Leaders\",\"isPartOf\":{\"@id\":\"https:\/\/houseofleaders.fr\/#website\"},\"primaryImageOfPage\":{\"@id\":\"https:\/\/houseofleaders.fr\/index.php\/a-propos\/#primaryimage\"},\"image\":{\"@id\":\"https:\/\/houseofleaders.fr\/index.php\/a-propos\/#primaryimage\"},\"thumbnailUrl\":\"http:\/\/houseofleaders.fr\/wp-content\/uploads\/2020\/01\/neve-web-design-bg-09.jpg\",\"datePublished\":\"2024-05-22T12:07:13+00:00\",\"dateModified\":\"2024-06-11T14:41:39+00:00\",\"breadcrumb\":{\"@id\":\"https:\/\/houseofleaders.fr\/index.php\/a-propos\/#breadcrumb\"},\"inLanguage\":\"fr-FR\",\"potentialAction\":[{\"@type\":\"ReadAction\",\"target\":[\"https:\/\/houseofleaders.fr\/index.php\/a-propos\/\"]}]},{\"@type\":\"ImageObject\",\"inLanguage\":\"fr-FR\",\"@id\":\"https:\/\/houseofleaders.fr\/index.php\/a-propos\/#primaryimage\",\"url\":\"https:\/\/houseofleaders.fr\/wp-content\/uploads\/2020\/01\/neve-web-design-bg-09.jpg\",\"contentUrl\":\"https:\/\/houseofleaders.fr\/wp-content\/uploads\/2020\/01\/neve-web-design-bg-09.jpg\",\"width\":600,\"height\":600},{\"@type\":\"BreadcrumbList\",\"@id\":\"https:\/\/houseofleaders.fr\/index.php\/a-propos\/#breadcrumb\",\"itemListElement\":[{\"@type\":\"ListItem\",\"position\":1,\"name\":\"Accueil\",\"item\":\"https:\/\/houseofleaders.fr\/\"},{\"@type\":\"ListItem\",\"position\":2,\"name\":\"\u00c0 propos\"}]},{\"@type\":\"WebSite\",\"@id\":\"https:\/\/houseofleaders.fr\/#website\",\"url\":\"https:\/\/houseofleaders.fr\/\",\"name\":\"House of Leaders\",\"description\":\"Prepare for Change\",\"publisher\":{\"@id\":\"https:\/\/houseofleaders.fr\/#organization\"},\"potentialAction\":[{\"@type\":\"SearchAction\",\"target\":{\"@type\":\"EntryPoint\",\"urlTemplate\":\"https:\/\/houseofleaders.fr\/?s={search_term_string}\"},\"query-input\":{\"@type\":\"PropertyValueSpecification\",\"valueRequired\":true,\"valueName\":\"search_term_string\"}}],\"inLanguage\":\"fr-FR\"},{\"@type\":\"Organization\",\"@id\":\"https:\/\/houseofleaders.fr\/#organization\",\"name\":\"House of Leaders\",\"url\":\"https:\/\/houseofleaders.fr\/\",\"logo\":{\"@type\":\"ImageObject\",\"inLanguage\":\"fr-FR\",\"@id\":\"https:\/\/houseofleaders.fr\/#\/schema\/logo\/image\/\",\"url\":\"https:\/\/houseofleaders.fr\/wp-content\/uploads\/2024\/05\/Logo-House-of-Leaders.png\",\"contentUrl\":\"https:\/\/houseofleaders.fr\/wp-content\/uploads\/2024\/05\/Logo-House-of-Leaders.png\",\"width\":600,\"height\":600,\"caption\":\"House of Leaders\"},\"image\":{\"@id\":\"https:\/\/houseofleaders.fr\/#\/schema\/logo\/image\/\"}}]}<\/script>\n<!-- \/ Yoast SEO plugin. -->","yoast_head_json":{"title":"\u00c0 propos - House of Leaders","robots":{"index":"index","follow":"follow","max-snippet":"max-snippet:-1","max-image-preview":"max-image-preview:large","max-video-preview":"max-video-preview:-1"},"canonical":"https:\/\/houseofleaders.fr\/index.php\/a-propos\/","og_locale":"fr_FR","og_type":"article","og_title":"\u00c0 propos - House of Leaders","og_description":"Qui sommes nous Bienvenue chez House of Leaders ! Nous sommes une organisation d\u00e9di\u00e9e \u00e0 l&rsquo;\u00e9panouissement du leadership et \u00e0 l&rsquo;innovation dans le monde des affaires. Notre mission est de transformer des id\u00e9es en actions et de former les leaders de demain. Depuis notre cr\u00e9ation, nous nous engageons \u00e0 offrir des ressources, des formations et&hellip;&nbsp;Lire la suite &raquo;\u00c0 propos","og_url":"https:\/\/houseofleaders.fr\/index.php\/a-propos\/","og_site_name":"House of Leaders","article_modified_time":"2024-06-11T14:41:39+00:00","og_image":[{"url":"http:\/\/houseofleaders.fr\/wp-content\/uploads\/2020\/01\/neve-web-design-bg-09.jpg","type":"","width":"","height":""}],"twitter_card":"summary_large_image","twitter_misc":{"Dur\u00e9e de lecture estim\u00e9e":"2 minutes"},"schema":{"@context":"https:\/\/schema.org","@graph":[{"@type":"WebPage","@id":"https:\/\/houseofleaders.fr\/index.php\/a-propos\/","url":"https:\/\/houseofleaders.fr\/index.php\/a-propos\/","name":"\u00c0 propos - House of Leaders","isPartOf":{"@id":"https:\/\/houseofleaders.fr\/#website"},"primaryImageOfPage":{"@id":"https:\/\/houseofleaders.fr\/index.php\/a-propos\/#primaryimage"},"image":{"@id":"https:\/\/houseofleaders.fr\/index.php\/a-propos\/#primaryimage"},"thumbnailUrl":"http:\/\/houseofleaders.fr\/wp-content\/uploads\/2020\/01\/neve-web-design-bg-09.jpg","datePublished":"2024-05-22T12:07:13+00:00","dateModified":"2024-06-11T14:41:39+00:00","breadcrumb":{"@id":"https:\/\/houseofleaders.fr\/index.php\/a-propos\/#breadcrumb"},"inLanguage":"fr-FR","potentialAction":[{"@type":"ReadAction","target":["https:\/\/houseofleaders.fr\/index.php\/a-propos\/"]}]},{"@type":"ImageObject","inLanguage":"fr-FR","@id":"https:\/\/houseofleaders.fr\/index.php\/a-propos\/#primaryimage","url":"https:\/\/houseofleaders.fr\/wp-content\/uploads\/2020\/01\/neve-web-design-bg-09.jpg","contentUrl":"https:\/\/houseofleaders.fr\/wp-content\/uploads\/2020\/01\/neve-web-design-bg-09.jpg","width":600,"height":600},{"@type":"BreadcrumbList","@id":"https:\/\/houseofleaders.fr\/index.php\/a-propos\/#breadcrumb","itemListElement":[{"@type":"ListItem","position":1,"name":"Accueil","item":"https:\/\/houseofleaders.fr\/"},{"@type":"ListItem","position":2,"name":"\u00c0 propos"}]},{"@type":"WebSite","@id":"https:\/\/houseofleaders.fr\/#website","url":"https:\/\/houseofleaders.fr\/","name":"House of Leaders","description":"Prepare for Change","publisher":{"@id":"https:\/\/houseofleaders.fr\/#organization"},"potentialAction":[{"@type":"SearchAction","target":{"@type":"EntryPoint","urlTemplate":"https:\/\/houseofleaders.fr\/?s={search_term_string}"},"query-input":{"@type":"PropertyValueSpecification","valueRequired":true,"valueName":"search_term_string"}}],"inLanguage":"fr-FR"},{"@type":"Organization","@id":"https:\/\/houseofleaders.fr\/#organization","name":"House of Leaders","url":"https:\/\/houseofleaders.fr\/","logo":{"@type":"ImageObject","inLanguage":"fr-FR","@id":"https:\/\/houseofleaders.fr\/#\/schema\/logo\/image\/","url":"https:\/\/houseofleaders.fr\/wp-content\/uploads\/2024\/05\/Logo-House-of-Leaders.png","contentUrl":"https:\/\/houseofleaders.fr\/wp-content\/uploads\/2024\/05\/Logo-House-of-Leaders.png","width":600,"height":600,"caption":"House of Leaders"},"image":{"@id":"https:\/\/houseofleaders.fr\/#\/schema\/logo\/image\/"}}]}},"_links":{"self":[{"href":"https:\/\/houseofleaders.fr\/index.php\/wp-json\/wp\/v2\/pages\/7","targetHints":{"allow":["GET"]}}],"collection":[{"href":"https:\/\/houseofleaders.fr\/index.php\/wp-json\/wp\/v2\/pages"}],"about":[{"href":"https:\/\/houseofleaders.fr\/index.php\/wp-json\/wp\/v2\/types\/page"}],"author":[{"embeddable":true,"href":"https:\/\/houseofleaders.fr\/index.php\/wp-json\/wp\/v2\/users\/1"}],"replies":[{"embeddable":true,"href":"https:\/\/houseofleaders.fr\/index.php\/wp-json\/wp\/v2\/comments?post=7"}],"version-history":[{"count":25,"href":"https:\/\/houseofleaders.fr\/index.php\/wp-json\/wp\/v2\/pages\/7\/revisions"}],"predecessor-version":[{"id":562,"href":"https:\/\/houseofleaders.fr\/index.php\/wp-json\/wp\/v2\/pages\/7\/revisions\/562"}],"wp:attachment":[{"href":"https:\/\/houseofleaders.fr\/index.php\/wp-json\/wp\/v2\/media?parent=7"}],"curies":[{"name":"wp","href":"https:\/\/api.w.org\/{rel}","templated":true}]}}