{"id":8,"date":"2024-05-22T14:07:13","date_gmt":"2024-05-22T12:07:13","guid":{"rendered":"https:\/\/houseofleaders.fr\/?page_id=8"},"modified":"2024-06-27T12:27:52","modified_gmt":"2024-06-27T10:27:52","slug":"contact","status":"publish","type":"page","link":"https:\/\/houseofleaders.fr\/index.php\/contact\/","title":{"rendered":"Contact"},"content":{"rendered":"\t\t<div data-elementor-type=\"wp-page\" data-elementor-id=\"8\" class=\"elementor elementor-8\">\n\t\t\t\t\t\t<section class=\"elementor-section elementor-top-section elementor-element elementor-element-da8516c elementor-section-height-min-height elementor-section-boxed elementor-section-height-default elementor-section-items-middle\" data-id=\"da8516c\" data-element_type=\"section\" data-settings=\"{&quot;background_background&quot;:&quot;classic&quot;}\">\n\t\t\t\t\t\t<div class=\"elementor-container elementor-column-gap-extended\">\n\t\t\t\t\t<div class=\"elementor-column elementor-col-100 elementor-top-column elementor-element elementor-element-2bf2022\" data-id=\"2bf2022\" data-element_type=\"column\">\n\t\t\t<div class=\"elementor-widget-wrap elementor-element-populated\">\n\t\t\t\t\t\t<div class=\"elementor-element elementor-element-c5664e6 elementor-widget elementor-widget-heading\" data-id=\"c5664e6\" data-element_type=\"widget\" data-widget_type=\"heading.default\">\n\t\t\t\t<div class=\"elementor-widget-container\">\n\t\t\t\t\t<h1 class=\"elementor-heading-title elementor-size-default\">Nous Contacter<\/h1>\t\t\t\t<\/div>\n\t\t\t\t<\/div>\n\t\t\t\t\t<\/div>\n\t\t<\/div>\n\t\t\t\t\t<\/div>\n\t\t<\/section>\n\t\t<div class=\"elementor-element elementor-element-c852e39 e-flex e-con-boxed e-con e-parent\" data-id=\"c852e39\" data-element_type=\"container\">\n\t\t\t\t\t<div class=\"e-con-inner\">\n\t\t<div class=\"elementor-element elementor-element-a621c1b e-flex e-con-boxed e-con e-child\" data-id=\"a621c1b\" data-element_type=\"container\">\n\t\t\t\t\t<div class=\"e-con-inner\">\n\t\t\t\t<div class=\"elementor-element elementor-element-f1b5cde eael-contact-form-7-button-align-left eael-contact-form-7-button-custom elementor-widget elementor-widget-eael-contact-form-7\" data-id=\"f1b5cde\" data-element_type=\"widget\" data-widget_type=\"eael-contact-form-7.default\">\n\t\t\t\t<div class=\"elementor-widget-container\">\n\t\t\t\t\t<div class=\"eael-contact-form-7-wrapper\">\n                <div class=\"eael-contact-form eael-contact-form-7 eael-contact-form-f1b5cde placeholder-show eael-contact-form-align-default\">\n<div class=\"wpcf7 no-js\" id=\"wpcf7-f124-o1\" lang=\"fr-FR\" dir=\"ltr\" data-wpcf7-id=\"124\">\n<div class=\"screen-reader-response\"><p role=\"status\" aria-live=\"polite\" aria-atomic=\"true\"><\/p> <ul><\/ul><\/div>\n<form action=\"\/index.php\/wp-json\/wp\/v2\/pages\/8#wpcf7-f124-o1\" method=\"post\" class=\"wpcf7-form init\" aria-label=\"Formulaire de contact\" novalidate=\"novalidate\" data-status=\"init\">\n<div style=\"display: none;\">\n<input type=\"hidden\" name=\"_wpcf7\" value=\"124\" \/>\n<input type=\"hidden\" name=\"_wpcf7_version\" value=\"6.0.6\" \/>\n<input type=\"hidden\" name=\"_wpcf7_locale\" value=\"fr_FR\" \/>\n<input type=\"hidden\" name=\"_wpcf7_unit_tag\" value=\"wpcf7-f124-o1\" \/>\n<input type=\"hidden\" name=\"_wpcf7_container_post\" value=\"0\" \/>\n<input type=\"hidden\" name=\"_wpcf7_posted_data_hash\" value=\"\" \/>\n<\/div>\n<style>\n\/* Style personnalis\u00e9 pour diviser le formulaire en deux colonnes *\/\n.aligncenter {\n display: grid;\n grid-template-columns: repeat(2, 1fr); \/* Divise le formulaire en deux colonnes *\/\n gap: 20px; \/* Espacement entre les \u00e9l\u00e9ments *\/\n}\n\n\/* Style personnalis\u00e9 pour \u00e9largir les lignes du formulaire *\/\n.aligncenter label {\n width: 100%;\n display: block;\n margin-bottom: 10px; \/* Espacement entre chaque ligne *\/\n}\n.aligncenter input[type=\"text\"],\n.aligncenter input[type=\"email\"],\n.aligncenter textarea,\n.aligncenter input[type=\"tel\"] {\n width: 100%;\n padding: 8px; \/* Espacement int\u00e9rieur des champs de saisie *\/\n box-sizing: border-box; \/* Pour inclure le rembourrage dans la largeur totale *\/\n margin-bottom: 10px; \/* Espacement entre chaque ligne *\/\n}\n.aligncenter .centered {\n text-align: center; \/* Centrer les \u00e9l\u00e9ments dans la classe \"centered\" *\/\n}\n<\/style>\n<div class=\"aligncenter\">\n\t<div>\n\t\t<p><label> Votre nom<br \/>\n<span class=\"wpcf7-form-control-wrap\" data-name=\"your-name\"><input size=\"40\" maxlength=\"400\" class=\"wpcf7-form-control wpcf7-text wpcf7-validates-as-required\" autocomplete=\"name\" aria-required=\"true\" aria-invalid=\"false\" value=\"\" type=\"text\" name=\"your-name\" \/><\/span> <\/label><br \/>\n<label> Votre t\u00e9l\u00e9phone<br \/>\n<span class=\"wpcf7-form-control-wrap\" data-name=\"your-phone\"><input size=\"40\" maxlength=\"400\" class=\"wpcf7-form-control wpcf7-tel wpcf7-validates-as-required wpcf7-text wpcf7-validates-as-tel\" aria-required=\"true\" aria-invalid=\"false\" value=\"\" type=\"tel\" name=\"your-phone\" \/><\/span> <\/label><br \/>\n<label> Votre entreprise<br \/>\n<span class=\"wpcf7-form-control-wrap\" data-name=\"your-company\"><input size=\"40\" maxlength=\"400\" class=\"wpcf7-form-control wpcf7-text wpcf7-validates-as-required\" aria-required=\"true\" aria-invalid=\"false\" value=\"\" type=\"text\" name=\"your-company\" \/><\/span> <\/label>\n\t\t<\/p>\n\t<\/div>\n\t<div>\n\t\t<p><label> Votre pr\u00e9nom<br \/>\n<span class=\"wpcf7-form-control-wrap\" data-name=\"your-firstname\"><input size=\"40\" maxlength=\"400\" class=\"wpcf7-form-control wpcf7-text wpcf7-validates-as-required\" autocomplete=\"given-name\" aria-required=\"true\" aria-invalid=\"false\" value=\"\" type=\"text\" name=\"your-firstname\" \/><\/span> <\/label><br \/>\n<label> Votre e-mail<br \/>\n<span class=\"wpcf7-form-control-wrap\" data-name=\"your-email\"><input size=\"40\" maxlength=\"400\" class=\"wpcf7-form-control wpcf7-email wpcf7-validates-as-required wpcf7-text wpcf7-validates-as-email\" autocomplete=\"email\" aria-required=\"true\" aria-invalid=\"false\" value=\"\" type=\"email\" name=\"your-email\" \/><\/span> <\/label><br \/>\n<label> Votre activit\u00e9<br \/>\n<span class=\"wpcf7-form-control-wrap\" data-name=\"your-activity\"><input size=\"40\" maxlength=\"400\" class=\"wpcf7-form-control wpcf7-text wpcf7-validates-as-required\" aria-required=\"true\" aria-invalid=\"false\" value=\"\" type=\"text\" name=\"your-activity\" \/><\/span> <\/label>\n\t\t<\/p>\n\t<\/div>\n<\/div>\n<div class=\"aligncenter centered\"><!-- Ajout de la classe \"centered\" -->\n\t<p><label> Objet<br \/>\n<span class=\"wpcf7-form-control-wrap\" data-name=\"your-subject\"><input size=\"40\" maxlength=\"400\" class=\"wpcf7-form-control wpcf7-text wpcf7-validates-as-required\" aria-required=\"true\" aria-invalid=\"false\" value=\"\" type=\"text\" name=\"your-subject\" \/><\/span> <\/label><br \/>\n<label> Votre message (facultatif)<br \/>\n<span class=\"wpcf7-form-control-wrap\" data-name=\"your-message\"><textarea cols=\"40\" rows=\"10\" maxlength=\"2000\" class=\"wpcf7-form-control wpcf7-textarea\" aria-invalid=\"false\" name=\"your-message\"><\/textarea><\/span> <\/label><br \/>\n<input class=\"wpcf7-form-control wpcf7-submit has-spinner\" type=\"submit\" value=\"Envoyer\" \/>\n\t<\/p>\n<\/div><p style=\"display: none !important;\" class=\"akismet-fields-container\" data-prefix=\"_wpcf7_ak_\"><label>&#916;<textarea name=\"_wpcf7_ak_hp_textarea\" cols=\"45\" rows=\"8\" maxlength=\"100\"><\/textarea><\/label><input type=\"hidden\" id=\"ak_js_1\" name=\"_wpcf7_ak_js\" value=\"125\"\/><script>document.getElementById( \"ak_js_1\" ).setAttribute( \"value\", ( new Date() ).getTime() );<\/script><\/p><div class=\"wpcf7-response-output\" aria-hidden=\"true\"><\/div>\n<\/form>\n<\/div>\n<\/div>\n            <\/div>\t\t\t\t<\/div>\n\t\t\t\t<\/div>\n\t\t\t\t\t<\/div>\n\t\t\t\t<\/div>\n\t\t\t\t\t<\/div>\n\t\t\t\t<\/div>\n\t\t\t\t<\/div>\n\t\t","protected":false},"excerpt":{"rendered":"<p>Nous Contacter Votre nom Votre t\u00e9l\u00e9phone Votre entreprise Votre pr\u00e9nom Votre e-mail Votre activit\u00e9 Objet Votre message (facultatif) &#916;<\/p>\n","protected":false},"author":1,"featured_media":0,"parent":0,"menu_order":0,"comment_status":"closed","ping_status":"closed","template":"elementor_header_footer","meta":{"neve_meta_sidebar":"","neve_meta_container":"","neve_meta_enable_content_width":"on","neve_meta_content_width":100,"neve_meta_title_alignment":"","neve_meta_author_avatar":"","neve_post_elements_order":"","neve_meta_disable_header":"","neve_meta_disable_footer":"","neve_meta_disable_title":"on","_themeisle_gutenberg_block_has_review":false,"footnotes":""},"class_list":["post-8","page","type-page","status-publish","hentry"],"yoast_head":"<!-- This site is optimized with the Yoast SEO plugin v25.1 - https:\/\/yoast.com\/wordpress\/plugins\/seo\/ -->\n<title>Contact - House of Leaders<\/title>\n<meta name=\"robots\" content=\"index, follow, max-snippet:-1, max-image-preview:large, max-video-preview:-1\" \/>\n<link rel=\"canonical\" href=\"https:\/\/houseofleaders.fr\/index.php\/contact\/\" \/>\n<meta property=\"og:locale\" content=\"fr_FR\" \/>\n<meta property=\"og:type\" content=\"article\" \/>\n<meta property=\"og:title\" content=\"Contact - House of Leaders\" \/>\n<meta property=\"og:description\" content=\"Nous Contacter Votre nom Votre t\u00e9l\u00e9phone Votre entreprise Votre pr\u00e9nom Votre e-mail Votre activit\u00e9 Objet Votre message (facultatif) &#916;\" \/>\n<meta property=\"og:url\" content=\"https:\/\/houseofleaders.fr\/index.php\/contact\/\" \/>\n<meta property=\"og:site_name\" content=\"House of Leaders\" \/>\n<meta property=\"article:modified_time\" content=\"2024-06-27T10:27:52+00:00\" \/>\n<meta name=\"twitter:card\" content=\"summary_large_image\" \/>\n<meta name=\"twitter:label1\" content=\"Dur\u00e9e de lecture estim\u00e9e\" \/>\n\t<meta name=\"twitter:data1\" content=\"1 minute\" \/>\n<script type=\"application\/ld+json\" class=\"yoast-schema-graph\">{\"@context\":\"https:\/\/schema.org\",\"@graph\":[{\"@type\":\"WebPage\",\"@id\":\"https:\/\/houseofleaders.fr\/index.php\/contact\/\",\"url\":\"https:\/\/houseofleaders.fr\/index.php\/contact\/\",\"name\":\"Contact - House of Leaders\",\"isPartOf\":{\"@id\":\"https:\/\/houseofleaders.fr\/#website\"},\"datePublished\":\"2024-05-22T12:07:13+00:00\",\"dateModified\":\"2024-06-27T10:27:52+00:00\",\"breadcrumb\":{\"@id\":\"https:\/\/houseofleaders.fr\/index.php\/contact\/#breadcrumb\"},\"inLanguage\":\"fr-FR\",\"potentialAction\":[{\"@type\":\"ReadAction\",\"target\":[\"https:\/\/houseofleaders.fr\/index.php\/contact\/\"]}]},{\"@type\":\"BreadcrumbList\",\"@id\":\"https:\/\/houseofleaders.fr\/index.php\/contact\/#breadcrumb\",\"itemListElement\":[{\"@type\":\"ListItem\",\"position\":1,\"name\":\"Accueil\",\"item\":\"https:\/\/houseofleaders.fr\/\"},{\"@type\":\"ListItem\",\"position\":2,\"name\":\"Contact\"}]},{\"@type\":\"WebSite\",\"@id\":\"https:\/\/houseofleaders.fr\/#website\",\"url\":\"https:\/\/houseofleaders.fr\/\",\"name\":\"House of Leaders\",\"description\":\"Prepare for Change\",\"publisher\":{\"@id\":\"https:\/\/houseofleaders.fr\/#organization\"},\"potentialAction\":[{\"@type\":\"SearchAction\",\"target\":{\"@type\":\"EntryPoint\",\"urlTemplate\":\"https:\/\/houseofleaders.fr\/?s={search_term_string}\"},\"query-input\":{\"@type\":\"PropertyValueSpecification\",\"valueRequired\":true,\"valueName\":\"search_term_string\"}}],\"inLanguage\":\"fr-FR\"},{\"@type\":\"Organization\",\"@id\":\"https:\/\/houseofleaders.fr\/#organization\",\"name\":\"House of Leaders\",\"url\":\"https:\/\/houseofleaders.fr\/\",\"logo\":{\"@type\":\"ImageObject\",\"inLanguage\":\"fr-FR\",\"@id\":\"https:\/\/houseofleaders.fr\/#\/schema\/logo\/image\/\",\"url\":\"https:\/\/houseofleaders.fr\/wp-content\/uploads\/2024\/05\/Logo-House-of-Leaders.png\",\"contentUrl\":\"https:\/\/houseofleaders.fr\/wp-content\/uploads\/2024\/05\/Logo-House-of-Leaders.png\",\"width\":600,\"height\":600,\"caption\":\"House of Leaders\"},\"image\":{\"@id\":\"https:\/\/houseofleaders.fr\/#\/schema\/logo\/image\/\"}}]}<\/script>\n<!-- \/ Yoast SEO plugin. -->","yoast_head_json":{"title":"Contact - House of Leaders","robots":{"index":"index","follow":"follow","max-snippet":"max-snippet:-1","max-image-preview":"max-image-preview:large","max-video-preview":"max-video-preview:-1"},"canonical":"https:\/\/houseofleaders.fr\/index.php\/contact\/","og_locale":"fr_FR","og_type":"article","og_title":"Contact - House of Leaders","og_description":"Nous Contacter Votre nom Votre t\u00e9l\u00e9phone Votre entreprise Votre pr\u00e9nom Votre e-mail Votre activit\u00e9 Objet Votre message (facultatif) &#916;","og_url":"https:\/\/houseofleaders.fr\/index.php\/contact\/","og_site_name":"House of Leaders","article_modified_time":"2024-06-27T10:27:52+00:00","twitter_card":"summary_large_image","twitter_misc":{"Dur\u00e9e de lecture estim\u00e9e":"1 minute"},"schema":{"@context":"https:\/\/schema.org","@graph":[{"@type":"WebPage","@id":"https:\/\/houseofleaders.fr\/index.php\/contact\/","url":"https:\/\/houseofleaders.fr\/index.php\/contact\/","name":"Contact - House of Leaders","isPartOf":{"@id":"https:\/\/houseofleaders.fr\/#website"},"datePublished":"2024-05-22T12:07:13+00:00","dateModified":"2024-06-27T10:27:52+00:00","breadcrumb":{"@id":"https:\/\/houseofleaders.fr\/index.php\/contact\/#breadcrumb"},"inLanguage":"fr-FR","potentialAction":[{"@type":"ReadAction","target":["https:\/\/houseofleaders.fr\/index.php\/contact\/"]}]},{"@type":"BreadcrumbList","@id":"https:\/\/houseofleaders.fr\/index.php\/contact\/#breadcrumb","itemListElement":[{"@type":"ListItem","position":1,"name":"Accueil","item":"https:\/\/houseofleaders.fr\/"},{"@type":"ListItem","position":2,"name":"Contact"}]},{"@type":"WebSite","@id":"https:\/\/houseofleaders.fr\/#website","url":"https:\/\/houseofleaders.fr\/","name":"House of Leaders","description":"Prepare for Change","publisher":{"@id":"https:\/\/houseofleaders.fr\/#organization"},"potentialAction":[{"@type":"SearchAction","target":{"@type":"EntryPoint","urlTemplate":"https:\/\/houseofleaders.fr\/?s={search_term_string}"},"query-input":{"@type":"PropertyValueSpecification","valueRequired":true,"valueName":"search_term_string"}}],"inLanguage":"fr-FR"},{"@type":"Organization","@id":"https:\/\/houseofleaders.fr\/#organization","name":"House of Leaders","url":"https:\/\/houseofleaders.fr\/","logo":{"@type":"ImageObject","inLanguage":"fr-FR","@id":"https:\/\/houseofleaders.fr\/#\/schema\/logo\/image\/","url":"https:\/\/houseofleaders.fr\/wp-content\/uploads\/2024\/05\/Logo-House-of-Leaders.png","contentUrl":"https:\/\/houseofleaders.fr\/wp-content\/uploads\/2024\/05\/Logo-House-of-Leaders.png","width":600,"height":600,"caption":"House of Leaders"},"image":{"@id":"https:\/\/houseofleaders.fr\/#\/schema\/logo\/image\/"}}]}},"_links":{"self":[{"href":"https:\/\/houseofleaders.fr\/index.php\/wp-json\/wp\/v2\/pages\/8","targetHints":{"allow":["GET"]}}],"collection":[{"href":"https:\/\/houseofleaders.fr\/index.php\/wp-json\/wp\/v2\/pages"}],"about":[{"href":"https:\/\/houseofleaders.fr\/index.php\/wp-json\/wp\/v2\/types\/page"}],"author":[{"embeddable":true,"href":"https:\/\/houseofleaders.fr\/index.php\/wp-json\/wp\/v2\/users\/1"}],"replies":[{"embeddable":true,"href":"https:\/\/houseofleaders.fr\/index.php\/wp-json\/wp\/v2\/comments?post=8"}],"version-history":[{"count":4,"href":"https:\/\/houseofleaders.fr\/index.php\/wp-json\/wp\/v2\/pages\/8\/revisions"}],"predecessor-version":[{"id":647,"href":"https:\/\/houseofleaders.fr\/index.php\/wp-json\/wp\/v2\/pages\/8\/revisions\/647"}],"wp:attachment":[{"href":"https:\/\/houseofleaders.fr\/index.php\/wp-json\/wp\/v2\/media?parent=8"}],"curies":[{"name":"wp","href":"https:\/\/api.w.org\/{rel}","templated":true}]}}